{"id":25669,"date":"2024-08-26T14:53:28","date_gmt":"2024-08-26T14:53:28","guid":{"rendered":"https:\/\/residencesfinder.com\/projeler\/"},"modified":"2025-05-14T12:55:18","modified_gmt":"2025-05-14T12:55:18","slug":"projeler","status":"publish","type":"page","link":"https:\/\/residencesfinder.com\/tr\/projeler\/","title":{"rendered":"Projeler"},"content":{"rendered":"\t\t<div data-elementor-type=\"wp-page\" data-elementor-id=\"25669\" class=\"elementor elementor-25669 elementor-19473\" data-elementor-post-type=\"page\">\n\t\t\t\t<div class=\"elementor-element elementor-element-76d1f06d e-flex e-con-boxed e-con e-parent\" data-id=\"76d1f06d\" data-element_type=\"container\" data-e-type=\"container\" data-settings=\"{&quot;background_background&quot;:&quot;classic&quot;}\">\n\t\t\t\t\t<div class=\"e-con-inner\">\n\t\t<div class=\"elementor-element elementor-element-5ecace84 e-con-full e-flex e-con e-child\" data-id=\"5ecace84\" data-element_type=\"container\" data-e-type=\"container\">\n\t\t<div class=\"elementor-element elementor-element-6b9cedcb e-con-full e-flex e-con e-child\" data-id=\"6b9cedcb\" data-element_type=\"container\" data-e-type=\"container\">\n\t\t<div class=\"elementor-element elementor-element-40870e3e e-con-full e-flex e-con e-child\" data-id=\"40870e3e\" data-element_type=\"container\" data-e-type=\"container\">\n\t\t\t\t<div class=\"elementor-element elementor-element-19507b70 animated-slow elementor-widget__width-initial elementor-invisible elementor-widget elementor-widget-houzez_elementor_section_title\" data-id=\"19507b70\" data-element_type=\"widget\" data-e-type=\"widget\" data-settings=\"{&quot;_animation&quot;:&quot;fadeIn&quot;}\" data-widget_type=\"houzez_elementor_section_title.default\">\n\t\t\t\t<div class=\"elementor-widget-container\">\n\t\t\t\t\t            <div class=\"houzez_section_title_wrap section-title-module\">\n                                    <h2 class=\"houzez_section_title\">Evinizi Bug\u00fcn Bulun<\/h2>\n                \n                            <\/div>\n            \t\t\t\t<\/div>\n\t\t\t\t<\/div>\n\t\t\t\t<div class=\"elementor-element elementor-element-691fbab2 elementor-button-align-stretch elementor-widget elementor-widget-houzez_elementor_search_builder\" data-id=\"691fbab2\" data-element_type=\"widget\" data-e-type=\"widget\" data-widget_type=\"houzez_elementor_search_builder.default\">\n\t\t\t\t<div class=\"elementor-widget-container\">\n\t\t\t\t\t\n        <form class=\"houzez-search-form-js houzez-search-builder-form-js\" id=\"houzez-search-691fbab2\" method=\"get\" action=\"https:\/\/residencesfinder.com\/tr\/search-results\/\" >\n\n            \n            <ul id=\"houzez-search-tabs-wrap\" class=\"houzez-status-tabs nav nav-pills\" role=\"tablist\" data-bs-toggle=\"buttons\">\n            \n                                <li class=\"nav-item\">\n                    <a class=\"nav-link active\" data-val=\"\" data-bs-toggle=\"pill\" href=\"#\" role=\"tab\" aria-bs-selected=\"true\">\n                        T\u00fcm\u00fc                    <\/a>\n                <\/li>\n                \n                                <input type=\"hidden\" name=\"status[]\" id=\"search-tabs\" value=\"\">\n            <\/ul>\n            \n            <div class=\"houzez-search-builder-wrapper\">\n\n                <div class=\"houzez-ele-search-form-wrapper elementor-form-fields-wrapper elementor-labels-above\">\n\n                                            <div class=\"elementor-field-group elementor-column form-group elementor-field-group-e228191 elementor-col-33\">\n                    <label for=\"form-field-e228191\" class=\"elementor-field-label elementor-screen-only\">Ara<\/label><input type=\"text\" size=\"1\" name=\"keyword\" id=\"form-field-e228191\" value=\"\" class=\"elementor-field form-control elementor-size-sm elementor-field-textual houzez-keyword-autocomplete\" placeholder=\"anahtar kelimeler\"><div id=\"auto_complete_ajax\" class=\"auto-complete\"><\/div>                    <\/div>\n                                <div class=\"elementor-field-group elementor-column form-group elementor-field-group-field-cities elementor-col-16 elementor-sm-50\">\n                    <label for=\"form-field-field-cities\" class=\"elementor-field-label elementor-screen-only\">\u015eehirler<\/label>        <div class=\"elementor-field elementor-select-wrapper\">\n            <select data-size=\"5\" name=\"location[]\" id=\"form-field-field-cities\" class=\"selectpicker bs-select-hidden houzez-field-textual form-control elementor-size-sm houzezSelectFilter houzezCityFilter houzezThirdList houzez-city-js\" data-none-results-text=\"No results matched {0}\" data-target=\"houzezFourthList\">\n                <option value=\"\">T\u00fcm \u015eehirler<\/option><option data-ref=\"abudabi\" data-belong=\"\" data-subtext=\"\" value=\"abudabi\">Abu Dabi<\/option><option data-ref=\"ajman_tr\" data-belong=\"\" data-subtext=\"\" value=\"ajman_tr\">Ajman<\/option><option data-ref=\"dubai_tr\" data-belong=\"\" data-subtext=\"\" value=\"dubai_tr\">Dubai<\/option><option data-ref=\"dubai-tr\" data-belong=\"\" data-subtext=\"\" value=\"dubai-tr\">Dubai<\/option><option data-ref=\"sharjah_tr\" data-belong=\"\" data-subtext=\"\" value=\"sharjah_tr\">Sharjah<\/option>            <\/select>\n        <\/div>\n                            <\/div>\n                                <div class=\"elementor-field-group elementor-column form-group elementor-field-group-field-types elementor-col-16 elementor-sm-50\">\n                    <label for=\"form-field-field-types\" class=\"elementor-field-label elementor-screen-only\">Emlak T\u00fcr\u00fc<\/label>        <div class=\"elementor-field elementor-select-wrapper\">\n            <select multiple=\"multiple\" title=\"T\u00fcm T\u00fcrler\" data-selected-text-format=\"count &gt; 1\" data-select-all-text=\"Select All\" data-deselect-all-text=\"Deselect All\" data-actions-box=\"true\" data-count-selected-text=\"{0} Se\u00e7ilen t\u00fcrler\" data-size=\"5\" name=\"type[]\" id=\"form-field-field-types\" class=\"selectpicker bs-select-hidden houzez-field-textual form-control elementor-size-sm \" data-none-results-text=\"No results matched {0}\">\n                <option data-ref=\"rezidans\"   value=\"rezidans\">Rezidans<\/option><option data-ref=\"daireler\"  value=\"daireler\"> - Daireler<\/option><option data-ref=\"dubleks\"  value=\"dubleks\"> - Dubleks<\/option><option data-ref=\"konut\"  value=\"konut\"> - Konut<\/option><option data-ref=\"penthouse-daire\"  value=\"penthouse-daire\"> - Penthouse Daire<\/option><option data-ref=\"studyo\"  value=\"studyo\"> - St\u00fcdyo<\/option><option data-ref=\"villa-tr\"  value=\"villa-tr\"> - Villa<\/option><option data-ref=\"ticari-gayrimenkul\"   value=\"ticari-gayrimenkul\">Ticari Gayrimenkul<\/option><option data-ref=\"magaza\"  value=\"magaza\"> - Ma\u011faza<\/option><option data-ref=\"ofisler\"  value=\"ofisler\"> - Ofisler<\/option>            <\/select>\n        <\/div>\n                            <\/div>\n                                <div class=\"elementor-field-group elementor-column form-group elementor-field-group-field-beds elementor-col-16 elementor-sm-50\">\n                    <label for=\"form-field-field-beds\" class=\"elementor-field-label elementor-screen-only\">Yatak odalar\u0131<\/label>        <div class=\"elementor-field elementor-select-wrapper\">\n            <select data-size=\"5\" name=\"bedrooms\" id=\"form-field-field-beds\" class=\"selectpicker bs-select-hidden houzez-field-textual form-control elementor-size-sm\">\n                <option value=\"\">Yatak odalar\u0131<\/option><option value=\"1\">1<\/option><option value=\"2\">2<\/option><option value=\"3\">3<\/option><option value=\"4\">4<\/option><option value=\"5\">5<\/option><option value=\"6\">6<\/option><option value=\"7\">7<\/option><option value=\"8\">8<\/option><option value=\"9\">9<\/option><option value=\"10\">10<\/option><option value=\"any\">Any<\/option>            <\/select>\n        <\/div>\n                            <\/div>\n                                <div class=\"elementor-field-group elementor-column form-group elementor-field-group-field-baths elementor-col-16 elementor-sm-50\">\n                    <label for=\"form-field-field-baths\" class=\"elementor-field-label elementor-screen-only\">Banyolar<\/label>        <div class=\"elementor-field elementor-select-wrapper\">\n            <select data-size=\"5\" name=\"bedrooms\" id=\"form-field-field-baths\" class=\"selectpicker bs-select-hidden houzez-field-textual form-control elementor-size-sm\">\n                <option value=\"\">Banyolar<\/option><option value=\"1\">1<\/option><option value=\"2\">2<\/option><option value=\"3\">3<\/option><option value=\"4\">4<\/option><option value=\"5\">5<\/option><option value=\"6\">6<\/option><option value=\"7\">7<\/option><option value=\"8\">8<\/option><option value=\"9\">9<\/option><option value=\"10\">10<\/option><option value=\"any\">Any<\/option>            <\/select>\n        <\/div>\n                            <\/div>\n                                <div class=\"elementor-field-group elementor-column form-group elementor-field-group-field-min-price elementor-col-16 elementor-sm-50\">\n                    <label for=\"form-field-field-min-price\" class=\"elementor-field-label elementor-screen-only\">Min. Fiyat<\/label>            <div class=\"prices-for-all elementor-field elementor-select-wrapper\">\n                <select data-size=\"5\" name=\"min-price\" id=\"form-field-field-min-price\" class=\"selectpicker bs-select-hidden houzez-field-textual form-control elementor-size-sm\">\n                    <option value=\"\">Min. Fiyat<\/option><option value=\"any\">Any<\/option><option value=\"100000\">100,000$<\/option><option value=\"250000\">250,000$<\/option><option value=\"500000\">500,000$<\/option><option value=\"750000\">750,000$<\/option><option value=\"1000000\">1,000,000$<\/option><option value=\"5000000\">5,000,000$<\/option><option value=\"10000000\">10,000,000$<\/option><option value=\"25000000\">25,000,000$<\/option><option value=\"50000000\">50,000,000$<\/option><option value=\"100000000\">100,000,000$<\/option>\n                <\/select><!-- selectpicker -->\n            <\/div><!-- form-group -->\n\n            <div class=\"hide prices-only-for-rent elementor-field elementor-select-wrapper\">\n                <select data-size=\"5\" name=\"min-price\" id=\"form-field-field-min-price\" class=\"selectpicker bs-select-hidden houzez-field-textual form-control elementor-size-sm\">\n                    <option value=\"\">Min. Fiyat<\/option><option value=\"any\">Any<\/option><option value=\"100000\">100,000$<\/option><option value=\"250000\">250,000$<\/option><option value=\"500000\">500,000$<\/option><option value=\"750000\">750,000$<\/option><option value=\"1000000\">1,000,000$<\/option><option value=\"5000000\">5,000,000$<\/option><option value=\"10000000\">10,000,000$<\/option><option value=\"25000000\">25,000,000$<\/option><option value=\"50000000\">50,000,000$<\/option><option value=\"100000000\">100,000,000$<\/option>\n                <\/select><!-- selectpicker -->\n            <\/div><!-- form-group -->\n\n                            <\/div>\n                                <div class=\"elementor-field-group elementor-column form-group elementor-field-group-field-max-price elementor-col-16 elementor-sm-50\">\n                    <label for=\"form-field-field-max-price\" class=\"elementor-field-label elementor-screen-only\">Maks. Fiyat<\/label>        <div class=\"prices-for-all elementor-field elementor-select-wrapper\">\n            <select data-size=\"5\" name=\"max-price\" id=\"form-field-field-max-price\" data-live-search=\"true\" data-live-search-normalize=\"true\" class=\"selectpicker bs-select-hidden houzez-field-textual form-control elementor-size-sm\">\n                <option value=\"\">Maks. Fiyat<\/option><option value=\"any\">Any<\/option><option value=\"100000\">100,000$<\/option><option value=\"250000\">250,000$<\/option><option value=\"500000\">500,000$<\/option><option value=\"750000\">750,000$<\/option><option value=\"1000000\">1,000,000$<\/option><option value=\"5000000\">5,000,000$<\/option><option value=\"10000000\">10,000,000$<\/option><option value=\"25000000\">25,000,000$<\/option><option value=\"50000000\">50,000,000$<\/option><option value=\"100000000\">100,000,000$<\/option>\n            <\/select><!-- selectpicker -->\n        <\/div><!-- form-group -->\n\n        <div class=\"hide prices-only-for-rent elementor-field elementor-select-wrapper\">\n            <select data-size=\"5\" name=\"max-price\" id=\"form-field-field-max-price\" data-live-search=\"true\" data-live-search-normalize=\"true\" class=\"selectpicker bs-select-hidden houzez-field-textual form-control elementor-size-sm\">\n                <option value=\"\">Maks. Fiyat<\/option><option value=\"any\">Any<\/option><option value=\"100000\">100,000$<\/option><option value=\"250000\">250,000$<\/option><option value=\"500000\">500,000$<\/option><option value=\"750000\">750,000$<\/option><option value=\"1000000\">1,000,000$<\/option><option value=\"5000000\">5,000,000$<\/option><option value=\"10000000\">10,000,000$<\/option><option value=\"25000000\">25,000,000$<\/option><option value=\"50000000\">50,000,000$<\/option><option value=\"100000000\">100,000,000$<\/option>\n            <\/select><!-- selectpicker -->\n        <\/div><!-- form-group -->\n                            <\/div>\n                                <div class=\"elementor-field-group elementor-column form-group elementor-field-group-field-min-area elementor-col-16 elementor-sm-50\">\n                    <label for=\"form-field-field-min-area\" class=\"elementor-field-label elementor-screen-only\">Min. Alan<\/label><input type=\"number\" size=\"1\" name=\"min-area\" id=\"form-field-field-min-area\" value=\"\" class=\"elementor-field form-control elementor-size-sm elementor-field-textual\" placeholder=\"Min. Alan\">                    <\/div>\n                                <div class=\"elementor-field-group elementor-column form-group elementor-field-group-field-max-area elementor-col-16 elementor-sm-50\">\n                    <label for=\"form-field-field-max-area\" class=\"elementor-field-label elementor-screen-only\">Maks. Alan<\/label><input type=\"number\" size=\"1\" name=\"max-area\" id=\"form-field-field-max-area\" value=\"\" class=\"elementor-field form-control elementor-size-sm elementor-field-textual\" placeholder=\"Maks. Alan\">                    <\/div>\n                                <div class=\"elementor-field-group elementor-column form-group elementor-field-group-cdc45b4 elementor-col-16\">\n                    <label for=\"form-field-cdc45b4\" class=\"elementor-field-label elementor-screen-only\">Emlak ID<\/label><input type=\"text\" size=\"1\" name=\"property_id\" id=\"form-field-cdc45b4\" value=\"\" class=\"elementor-field form-control elementor-size-sm elementor-field-textual\" placeholder=\"Emlak ID\">                    <\/div>\n                                    <div class=\"elementor-field-group elementor-column elementor-field-type-submit elementor-col-16\">\n                                <button type=\"submit\" class=\"houzez-search-button btn-primary elementor-button elementor-size-sm\">\n                                                                            Ara                                                                    <\/button>\n                            <\/div>\n                            \n                <\/div><!-- End main wrapper-->\n\n                            <\/div> <!-- End houzez-search-builder-wrapper -->\n        <\/form>\n\n        \t\t\t\t<\/div>\n\t\t\t\t<\/div>\n\t\t\t\t<\/div>\n\t\t\t\t<\/div>\n\t\t\t\t<\/div>\n\t\t\t\t\t<\/div>\n\t\t\t\t<\/div>\n\t\t\t\t<\/div>\n\t\t","protected":false},"excerpt":{"rendered":"<p>Evinizi Bug\u00fcn Bulun T\u00fcm\u00fc Ara \u015eehirler T\u00fcm \u015eehirlerAntalyaDohaDubaiIstanbulLusail Emlak T\u00fcr\u00fc Commercial&#8211; Office&#8211; StoreResidences&#8211; Apartment&#8211; Condo&#8211; Duplex&#8211; Penthouse&#8211; Studio&#8211; Villa Yatak odalar\u0131 Yatak odalar\u013112345678910Any Banyolar Banyolar12345678910Any Min. Fiyat Min. FiyatAny100,000$250,000$500,000$750,000$1,000,000$5,000,000$10,000,000$25,000,000$50,000,000$100,000,000$ Min. FiyatAny100,000$250,000$500,000$750,000$1,000,000$5,000,000$10,000,000$25,000,000$50,000,000$100,000,000$ Maks. Fiyat Maks. FiyatAny100,000$250,000$500,000$750,000$1,000,000$5,000,000$10,000,000$25,000,000$50,000,000$100,000,000$ Maks. FiyatAny100,000$250,000$500,000$750,000$1,000,000$5,000,000$10,000,000$25,000,000$50,000,000$100,000,000$ Min. Alan Maks. Alan Emlak ID Ara<\/p>\n","protected":false},"author":1,"featured_media":0,"parent":0,"menu_order":0,"comment_status":"closed","ping_status":"closed","template":"template\/template-listing-list-v4.php","meta":{"nf_dc_page":"","footnotes":""},"class_list":["post-25669","page","type-page","status-publish","hentry"],"_links":{"self":[{"href":"https:\/\/residencesfinder.com\/tr\/wp-json\/wp\/v2\/pages\/25669","targetHints":{"allow":["GET"]}}],"collection":[{"href":"https:\/\/residencesfinder.com\/tr\/wp-json\/wp\/v2\/pages"}],"about":[{"href":"https:\/\/residencesfinder.com\/tr\/wp-json\/wp\/v2\/types\/page"}],"author":[{"embeddable":true,"href":"https:\/\/residencesfinder.com\/tr\/wp-json\/wp\/v2\/users\/1"}],"replies":[{"embeddable":true,"href":"https:\/\/residencesfinder.com\/tr\/wp-json\/wp\/v2\/comments?post=25669"}],"version-history":[{"count":3,"href":"https:\/\/residencesfinder.com\/tr\/wp-json\/wp\/v2\/pages\/25669\/revisions"}],"predecessor-version":[{"id":41078,"href":"https:\/\/residencesfinder.com\/tr\/wp-json\/wp\/v2\/pages\/25669\/revisions\/41078"}],"wp:attachment":[{"href":"https:\/\/residencesfinder.com\/tr\/wp-json\/wp\/v2\/media?parent=25669"}],"curies":[{"name":"wp","href":"https:\/\/api.w.org\/{rel}","templated":true}]}}